{"id":215,"date":"2024-04-05T17:25:20","date_gmt":"2024-04-05T15:25:20","guid":{"rendered":"https:\/\/www.apifera.org\/?page_id=215"},"modified":"2024-04-05T17:42:09","modified_gmt":"2024-04-05T15:42:09","slug":"laraignee-loup","status":"publish","type":"page","link":"https:\/\/www.apifera.org\/index.php\/faune\/laraignee-loup\/","title":{"rendered":"L&rsquo;araign\u00e9e loup"},"content":{"rendered":"\n<h3 class=\"wp-block-heading has-text-align-center\"><em>Trochosa ruricola<\/em> (De Geer, 1778) &#8211; Araneidae &#8211; Araign\u00e9e loup<\/h3>\n\n\n\n<div class=\"wp-block-columns is-layout-flex wp-container-core-columns-is-layout-9d6595d7 wp-block-columns-is-layout-flex\">\n<div class=\"wp-block-column is-layout-flow wp-block-column-is-layout-flow\">\n<figure class=\"wp-block-image size-full\"><img loading=\"lazy\" decoding=\"async\" width=\"600\" height=\"600\" src=\"https:\/\/www.apifera.org\/wp-content\/uploads\/2024\/04\/araignee-loup-rustique-trochosa-ruricola.jpg\" alt=\"\" class=\"wp-image-219\" srcset=\"https:\/\/www.apifera.org\/wp-content\/uploads\/2024\/04\/araignee-loup-rustique-trochosa-ruricola.jpg 600w, https:\/\/www.apifera.org\/wp-content\/uploads\/2024\/04\/araignee-loup-rustique-trochosa-ruricola-300x300.jpg 300w, https:\/\/www.apifera.org\/wp-content\/uploads\/2024\/04\/araignee-loup-rustique-trochosa-ruricola-150x150.jpg 150w\" sizes=\"auto, (max-width: 600px) 100vw, 600px\" \/><figcaption class=\"wp-element-caption\">Araign\u00e9e loup (Trochosa ruricola) et sa prog\u00e9niture sur le dos. For\u00eat de Sivens Tarn (15\/09\/2023) <em>Ph. C. Conrad<\/em><\/figcaption><\/figure>\n<\/div>\n\n\n\n<div class=\"wp-block-column is-layout-flow wp-block-column-is-layout-flow\">\n<p class=\"has-text-align-center\"><strong>Classification scientifique :<\/strong><\/p>\n\n\n\n<p><strong>Phylum :  Arthropodes <\/strong><\/p>\n\n\n\n<p><strong>Classe : <\/strong><strong>Arachnida<\/strong><strong> <\/strong><\/p>\n\n\n\n<p><strong>Ordre : <\/strong><strong>Araneae<\/strong><strong> <\/strong><\/p>\n\n\n\n<p><strong>Famille : Lycosidae<\/strong><\/p>\n\n\n\n<p><strong>Genre : Trochosa<\/strong><\/p>\n\n\n\n<p><strong>Esp\u00e8ce : ruricola<\/strong><\/p>\n\n\n\n<p><strong>Nom scientifique : <em>Trochosa ruricol<\/em><\/strong><em><strong>a<\/strong><\/em><\/p>\n\n\n\n<p><strong>Noms vernaculaires : Araign\u00e9e loup<\/strong><\/p>\n<\/div>\n<\/div>\n\n\n\n<div class=\"wp-block-columns is-layout-flex wp-container-core-columns-is-layout-9d6595d7 wp-block-columns-is-layout-flex\">\n<div class=\"wp-block-column is-layout-flow wp-block-column-is-layout-flow\">\n<p><strong><em>Trochosa ruricola<\/em><\/strong> est une araign\u00e9e-loup dont le nom commun est araign\u00e9e-loup rustique. Les femelles mesurent 15 mm (0,6 po) mais peuvent atteindre 25 mm (1,0 po) et les m\u00e2les 10 mm (0,4 po). Les deux sexes sont brun fonc\u00e9 et ont une bande p\u00e2le qui descend jusqu&rsquo;\u00e0 la carapace et continue jusqu&rsquo;\u00e0 l&rsquo;abdomen. L&rsquo;araign\u00e9e chasse sur le sol et se fait souvent prendre dans des pi\u00e8ges \u00e0 fosse. <\/p>\n\n\n\n<p>Les femelles portent un sac d&rsquo;\u0153ufs sur leur abdomen pendant environ 3 semaines jusqu&rsquo;\u00e0 ce que les araign\u00e9es \u00e9mergent et se rassemblent sur le dos de la m\u00e8re. Son habitat se trouve dans les prairies, les bois, les broussailles et les pelouses d&rsquo;Asie temp\u00e9r\u00e9e, d&rsquo;Europe et d&rsquo;Am\u00e9rique du Nord. <\/p>\n\n\n\n<p>Sa distribution: \u00ab\u00a0De l&rsquo;Europe \u00e0 la Chine, au Japon, \u00e0 la Cor\u00e9e. Introduit en Am\u00e9rique du Nord, \u00e0 Cuba, \u00e0 Porto Rico, aux Bermudes\u00a0\u00bb<\/p>\n\n\n\n<p><em>Texte r\u00e9dig\u00e9 par C. Conrad<\/em><\/p>\n<\/div>\n<\/div>\n","protected":false},"excerpt":{"rendered":"<p>Trochosa ruricola (De Geer, 1778) &#8211; Araneidae &#8211; Araign\u00e9e loup Classification scientifique : Phylum : Arthropodes Classe : Arachnida Ordre : Araneae Famille : Lycosidae Genre : Trochosa Esp\u00e8ce : ruricola Nom scientifique : Trochosa ruricola Noms vernaculaires : Araign\u00e9e loup Trochosa ruricola est une araign\u00e9e-loup dont le nom commun est araign\u00e9e-loup rustique. Les femelles&hellip;&nbsp;<a href=\"https:\/\/www.apifera.org\/index.php\/faune\/laraignee-loup\/\" rel=\"bookmark\">Lire la suite &raquo;<span class=\"screen-reader-text\">L&rsquo;araign\u00e9e loup<\/span><\/a><\/p>\n","protected":false},"author":1,"featured_media":0,"parent":34,"menu_order":2,"comment_status":"closed","ping_status":"closed","template":"","meta":{"neve_meta_sidebar":"","neve_meta_container":"","neve_meta_enable_content_width":"","neve_meta_content_width":0,"neve_meta_title_alignment":"","neve_meta_author_avatar":"","neve_post_elements_order":"","neve_meta_disable_header":"","neve_meta_disable_footer":"","neve_meta_disable_title":"","footnotes":""},"class_list":["post-215","page","type-page","status-publish","hentry"],"_links":{"self":[{"href":"https:\/\/www.apifera.org\/index.php\/wp-json\/wp\/v2\/pages\/215","targetHints":{"allow":["GET"]}}],"collection":[{"href":"https:\/\/www.apifera.org\/index.php\/wp-json\/wp\/v2\/pages"}],"about":[{"href":"https:\/\/www.apifera.org\/index.php\/wp-json\/wp\/v2\/types\/page"}],"author":[{"embeddable":true,"href":"https:\/\/www.apifera.org\/index.php\/wp-json\/wp\/v2\/users\/1"}],"replies":[{"embeddable":true,"href":"https:\/\/www.apifera.org\/index.php\/wp-json\/wp\/v2\/comments?post=215"}],"version-history":[{"count":4,"href":"https:\/\/www.apifera.org\/index.php\/wp-json\/wp\/v2\/pages\/215\/revisions"}],"predecessor-version":[{"id":223,"href":"https:\/\/www.apifera.org\/index.php\/wp-json\/wp\/v2\/pages\/215\/revisions\/223"}],"up":[{"embeddable":true,"href":"https:\/\/www.apifera.org\/index.php\/wp-json\/wp\/v2\/pages\/34"}],"wp:attachment":[{"href":"https:\/\/www.apifera.org\/index.php\/wp-json\/wp\/v2\/media?parent=215"}],"curies":[{"name":"wp","href":"https:\/\/api.w.org\/{rel}","templated":true}]}}