{"id":240,"date":"2024-04-07T16:51:18","date_gmt":"2024-04-07T14:51:18","guid":{"rendered":"https:\/\/www.apifera.org\/?page_id=240"},"modified":"2024-04-07T17:07:25","modified_gmt":"2024-04-07T15:07:25","slug":"grand-paon-de-nuit-saturnia-pyri","status":"publish","type":"page","link":"https:\/\/www.apifera.org\/index.php\/faune\/grand-paon-de-nuit-saturnia-pyri\/","title":{"rendered":"Le Grand Paon de nuit"},"content":{"rendered":"\n<h3 class=\"wp-block-heading has-text-align-center\"><em>Saturnia pyri (Denis &amp; Schiffermuller, 1775)<\/em> &#8211; Saturniidae &#8211; Le Grand Paon de nuit<\/h3>\n\n\n\n<div class=\"wp-block-columns is-layout-flex wp-container-core-columns-is-layout-9d6595d7 wp-block-columns-is-layout-flex\">\n<div class=\"wp-block-column is-layout-flow wp-block-column-is-layout-flow\">\n<figure class=\"wp-block-image size-full\"><img loading=\"lazy\" decoding=\"async\" width=\"600\" height=\"450\" src=\"https:\/\/www.apifera.org\/wp-content\/uploads\/2024\/04\/grand-paon-de-nuit-2.jpg\" alt=\"\" class=\"wp-image-244\" srcset=\"https:\/\/www.apifera.org\/wp-content\/uploads\/2024\/04\/grand-paon-de-nuit-2.jpg 600w, https:\/\/www.apifera.org\/wp-content\/uploads\/2024\/04\/grand-paon-de-nuit-2-300x225.jpg 300w\" sizes=\"auto, (max-width: 600px) 100vw, 600px\" \/><figcaption class=\"wp-element-caption\"><em>Photo prise \u00e0 Lisle-sur-Tarn par Val\u00e9rie Julien<\/em><\/figcaption><\/figure>\n<\/div>\n\n\n\n<div class=\"wp-block-column is-layout-flow wp-block-column-is-layout-flow\">\n<p class=\"has-text-align-center\"><strong>Classification scientifique :<\/strong><\/p>\n\n\n\n<p><strong>Phylum : Arthropodes<\/strong><\/p>\n\n\n\n<p><strong>Classe : Insecta<\/strong><\/p>\n\n\n\n<p><strong>Ordre : Lepidoptera<\/strong><\/p>\n\n\n\n<p><strong>Famille : Saturniidae<\/strong><\/p>\n\n\n\n<p><strong>Genre : Saturnia<\/strong><\/p>\n\n\n\n<p><strong>Esp\u00e8ce : pyri<\/strong><\/p>\n\n\n\n<p><strong>Nom scientifique : <em>Saturnia pyri<\/em><\/strong><\/p>\n\n\n\n<p><strong>Noms vernaculaires :<\/strong><strong> Grand Paon de nuit<\/strong><\/p>\n<\/div>\n<\/div>\n\n\n\n<div class=\"wp-block-columns is-layout-flex wp-container-core-columns-is-layout-9d6595d7 wp-block-columns-is-layout-flex\">\n<div class=\"wp-block-column is-layout-flow wp-block-column-is-layout-flow\">\n<p>\u00ab\u00a0Le Grand paon de nuit, autrement dit le\u00a0<em>Saturnia pyri<\/em>\u00a0des entomologistes, porte bien son nom, et m\u00eame doublement bien. Ses 15 cm d&rsquo;envergure en font en effet le plus grand des papillons europ\u00e9ens, et par ailleurs ses 4 ailes portent des \u00a0\u00bb ocelles\u00a0\u00bb, sortes d&rsquo; \u00ab\u00a0yeux\u00a0\u00bb rappelant l&rsquo;ornementation des plumes de la queue des paons&#8230;.\u00a0\u00bb<\/p>\n\n\n\n<p>Saturnia pyri rel\u00e8ve de la Famille des Saturniidae, repr\u00e9sent\u00e9e en France par 5 esp\u00e8ces, dont une prot\u00e9g\u00e9e (Graellsia isabellae, ou \u00ab\u00a0Isabelle\u00a0\u00bb), et une autre d&rsquo;origine asiatique, introduite au XIX \u00e8me si\u00e8cle ( Samia cynthia, ou Bombyx de l&rsquo;ailante).<\/p>\n\n\n\n<p>Le Grand paon n&rsquo;a qu&rsquo;une g\u00e9n\u00e9ration annuelle (= \u00ab\u00a0monovoltin\u00a0\u00bb) et il appara\u00eet de la mi-Avril \u00e0 la mi-Mai, du moins en Loire-Atlantique. Comme beaucoup d&rsquo;esp\u00e8ces nocturnes il ne s&rsquo;alimente pas, d&rsquo;o\u00f9 l&rsquo;absence de trompe , et une dur\u00e9e de vie cens\u00e9ment tr\u00e8s r\u00e9duite. Dans le meilleur des cas elle est en effet de l&rsquo;ordre d&rsquo;une petite semaine, laps de temps essentiellement d\u00e9volu \u00e0 la reproduction.<strong>Le dimorphisme sexuel<\/strong> Contrairement \u00e0 son cousin le \u00ab\u00a0Petit paon de nuit\u00a0\u00bb (Eudia pavonia, fin de page 3), les sexes diff\u00e8rent tr\u00e8s peu, si ce n&rsquo;est par la forme des antennes, et bien s\u00fbr par des \u00ab\u00a0rondeurs abdominales\u00a0\u00bb propres aux femelles, et inh\u00e9rentes au volume d&rsquo; \u0153ufs\u00a0en quelque sorte \u00ab\u00a0pr\u00eats \u00e0 pondre\u00a0\u00bb. \u00a0 <strong>La pariade<\/strong> Elle a fait la notori\u00e9t\u00e9 du Grand paon, m\u00eame si d&rsquo;autres esp\u00e8ces ne sont pas loin d&rsquo;\u00e9galer ses performances. Exp\u00e9rimentations \u00e0 l&rsquo;appui, il est de longue date d\u00e9montr\u00e9 que la femelle, sous r\u00e9serve d&rsquo;\u00eatre vierge, est capable d&rsquo;attirer un partenaire m\u00e2le dans un rayon de 5 km &#8230;.excusez du peu !!! Plus spectaculaire encore: vous maintenez la demoiselle \u00e0 disposition, mais dans une cage finement grillag\u00e9e emp\u00eachant l&rsquo;accouplement, et vous verrez rappliquer \u00e0 tire d&rsquo;ailes tous les m\u00e2les (ou presque !) occupant une aire th\u00e9orique avoisinant les 80 km<sup>2<\/sup>, qui sauf erreur correspondent \u00e0 pr\u00e8s de 8000 hectares ! Une fois f\u00e9cond\u00e9es, ce qui tra\u00eene rarement, les \u0153ufs\u00a0(200 en moyenne) sont d\u00e9pos\u00e9s par lot sur les branchettes. \u00a0<\/p>\n\n\n\n<p>Source : <a href=\"https:\/\/www.insectes-net.fr\/paon\/paon2.htm\">https:\/\/www.insectes-net.fr\/paon\/paon2.htm<\/a> &#8211; texte enti\u00e8rement r\u00e9dig\u00e9 par M. Andr\u00e9 Lequet, entomologiste, auteur du site insectes.net<\/p>\n<\/div>\n<\/div>\n","protected":false},"excerpt":{"rendered":"<p>Saturnia pyri (Denis &amp; Schiffermuller, 1775) &#8211; Saturniidae &#8211; Le Grand Paon de nuit Classification scientifique : Phylum : Arthropodes Classe : Insecta Ordre : Lepidoptera Famille : Saturniidae Genre : Saturnia Esp\u00e8ce : pyri Nom scientifique : Saturnia pyri Noms vernaculaires : Grand Paon de nuit \u00ab\u00a0Le Grand paon de nuit, autrement dit le\u00a0Saturnia&hellip;&nbsp;<a href=\"https:\/\/www.apifera.org\/index.php\/faune\/grand-paon-de-nuit-saturnia-pyri\/\" rel=\"bookmark\">Lire la suite &raquo;<span class=\"screen-reader-text\">Le Grand Paon de nuit<\/span><\/a><\/p>\n","protected":false},"author":1,"featured_media":0,"parent":34,"menu_order":2,"comment_status":"closed","ping_status":"closed","template":"","meta":{"neve_meta_sidebar":"","neve_meta_container":"","neve_meta_enable_content_width":"","neve_meta_content_width":0,"neve_meta_title_alignment":"","neve_meta_author_avatar":"","neve_post_elements_order":"","neve_meta_disable_header":"","neve_meta_disable_footer":"","neve_meta_disable_title":"","footnotes":""},"class_list":["post-240","page","type-page","status-publish","hentry"],"_links":{"self":[{"href":"https:\/\/www.apifera.org\/index.php\/wp-json\/wp\/v2\/pages\/240","targetHints":{"allow":["GET"]}}],"collection":[{"href":"https:\/\/www.apifera.org\/index.php\/wp-json\/wp\/v2\/pages"}],"about":[{"href":"https:\/\/www.apifera.org\/index.php\/wp-json\/wp\/v2\/types\/page"}],"author":[{"embeddable":true,"href":"https:\/\/www.apifera.org\/index.php\/wp-json\/wp\/v2\/users\/1"}],"replies":[{"embeddable":true,"href":"https:\/\/www.apifera.org\/index.php\/wp-json\/wp\/v2\/comments?post=240"}],"version-history":[{"count":5,"href":"https:\/\/www.apifera.org\/index.php\/wp-json\/wp\/v2\/pages\/240\/revisions"}],"predecessor-version":[{"id":247,"href":"https:\/\/www.apifera.org\/index.php\/wp-json\/wp\/v2\/pages\/240\/revisions\/247"}],"up":[{"embeddable":true,"href":"https:\/\/www.apifera.org\/index.php\/wp-json\/wp\/v2\/pages\/34"}],"wp:attachment":[{"href":"https:\/\/www.apifera.org\/index.php\/wp-json\/wp\/v2\/media?parent=240"}],"curies":[{"name":"wp","href":"https:\/\/api.w.org\/{rel}","templated":true}]}}