{"id":249,"date":"2024-04-07T17:19:36","date_gmt":"2024-04-07T15:19:36","guid":{"rendered":"https:\/\/www.apifera.org\/?page_id=249"},"modified":"2024-04-08T22:29:11","modified_gmt":"2024-04-08T20:29:11","slug":"le-crapaud-epineux","status":"publish","type":"page","link":"https:\/\/www.apifera.org\/index.php\/faune\/le-crapaud-epineux\/","title":{"rendered":"Le crapaud \u00e9pineux"},"content":{"rendered":"\n<h3 class=\"wp-block-heading\">Bufo spinosus (Daudin, 1803) &#8211; Bufonidae &#8211; Le Crapaud \u00e9pineux<\/h3>\n\n\n\n<div class=\"wp-block-columns is-layout-flex wp-container-core-columns-is-layout-9d6595d7 wp-block-columns-is-layout-flex\">\n<div class=\"wp-block-column is-layout-flow wp-block-column-is-layout-flow\">\n<figure class=\"wp-block-image size-full\"><img loading=\"lazy\" decoding=\"async\" width=\"422\" height=\"422\" src=\"https:\/\/www.apifera.org\/wp-content\/uploads\/2024\/04\/crapaud-epineux-2.jpg\" alt=\"\" class=\"wp-image-250\" srcset=\"https:\/\/www.apifera.org\/wp-content\/uploads\/2024\/04\/crapaud-epineux-2.jpg 422w, https:\/\/www.apifera.org\/wp-content\/uploads\/2024\/04\/crapaud-epineux-2-300x300.jpg 300w, https:\/\/www.apifera.org\/wp-content\/uploads\/2024\/04\/crapaud-epineux-2-150x150.jpg 150w\" sizes=\"auto, (max-width: 422px) 100vw, 422px\" \/><\/figure>\n<\/div>\n\n\n\n<div class=\"wp-block-column is-layout-flow wp-block-column-is-layout-flow\">\n<p class=\"has-text-align-center\"><strong>Classification scientifique :<\/strong><\/p>\n\n\n\n<p><strong>Phylum : Chordata<\/strong><\/p>\n\n\n\n<p><strong>Classe : Amphibia<\/strong><\/p>\n\n\n\n<p><strong>Ordre : Anura<\/strong><\/p>\n\n\n\n<p><strong>Famille : Bufonidae<\/strong><\/p>\n\n\n\n<p><strong>Genre : Bufo<\/strong><\/p>\n\n\n\n<p><strong>Esp\u00e8ce : spinosus<\/strong><\/p>\n\n\n\n<p><strong>Nom scientifique : <em>Bufo spinosus<\/em><\/strong><\/p>\n\n\n\n<p><strong>Noms vernaculaires :<\/strong><strong> Crapaud \u00e9pineux<\/strong><\/p>\n<\/div>\n<\/div>\n\n\n\n<div class=\"wp-block-columns is-layout-flex wp-container-core-columns-is-layout-9d6595d7 wp-block-columns-is-layout-flex\">\n<div class=\"wp-block-column is-layout-flow wp-block-column-is-layout-flow\">\n<p>Jo\u00eblle et Claude ont une colocataire dans leur\u00a0jardin qu&rsquo;ils ont nomm\u00e9e\u00a0Crapounette : une magnifique femelle Crapaud\u00a0\u00e9pineux <\/p>\n\n\n\n<p>Son nom scientifique\u00a0est <em>Bufo spinosus.\u00a0<\/em>Il y a en France deux amphibiens du genre\u00a0<em>Bufo<\/em>, l&rsquo;\u00e9pineux et le crapaud commun (<strong>Bufo bufo<\/strong>) de la famille des\u00a0<strong>Bufonidae.<\/strong>\u00a0Il y a 17 esp\u00e8ces\u00a0en Europe, en Asie et en Afrique du nord.<\/p>\n\n\n\n<p>Dans le genre\u00a0<strong>Bufo spinosus<\/strong>, le m\u00e2le mesure environ 8 cm, la femelle peut atteindre 15 cm.\u00a0Sa peau est grumeleuse, la coloration gris brun de son dos prend un aspect l\u00e9g\u00e8rement plus roux lorsqu&rsquo;il est expos\u00e9 \u00e0 la lumi\u00e8re vive. il a des yeux\u00a0cuivr\u00e9s aux pupilles horizontales. Il vit essentiellement sur la terre ferme en dehors de la saison\u00a0des amours, son esp\u00e9rance de vie est d&rsquo;une dizaine d&rsquo;ann\u00e9es. <\/p>\n\n\n\n<p>C&rsquo;est une esp\u00e8ce prot\u00e9g\u00e9e au niveau international (UICN).<\/p>\n\n\n\n<div class=\"wp-block-columns is-layout-flex wp-container-core-columns-is-layout-9d6595d7 wp-block-columns-is-layout-flex\">\n<div class=\"wp-block-column is-layout-flow wp-block-column-is-layout-flow\"><div class=\"wp-block-image\">\n<figure class=\"aligncenter size-full\"><img loading=\"lazy\" decoding=\"async\" width=\"600\" height=\"600\" src=\"https:\/\/www.apifera.org\/wp-content\/uploads\/2024\/04\/crapaud-epineux-3.jpg\" alt=\"\" class=\"wp-image-251\" srcset=\"https:\/\/www.apifera.org\/wp-content\/uploads\/2024\/04\/crapaud-epineux-3.jpg 600w, https:\/\/www.apifera.org\/wp-content\/uploads\/2024\/04\/crapaud-epineux-3-300x300.jpg 300w, https:\/\/www.apifera.org\/wp-content\/uploads\/2024\/04\/crapaud-epineux-3-150x150.jpg 150w\" sizes=\"auto, (max-width: 600px) 100vw, 600px\" \/><\/figure>\n<\/div><\/div>\n<\/div>\n<\/div>\n<\/div>\n","protected":false},"excerpt":{"rendered":"<p>Bufo spinosus (Daudin, 1803) &#8211; Bufonidae &#8211; Le Crapaud \u00e9pineux Classification scientifique : Phylum : Chordata Classe : Amphibia Ordre : Anura Famille : Bufonidae Genre : Bufo Esp\u00e8ce : spinosus Nom scientifique : Bufo spinosus Noms vernaculaires : Crapaud \u00e9pineux Jo\u00eblle et Claude ont une colocataire dans leur\u00a0jardin qu&rsquo;ils ont nomm\u00e9e\u00a0Crapounette : une magnifique&hellip;&nbsp;<a href=\"https:\/\/www.apifera.org\/index.php\/faune\/le-crapaud-epineux\/\" rel=\"bookmark\">Lire la suite &raquo;<span class=\"screen-reader-text\">Le crapaud \u00e9pineux<\/span><\/a><\/p>\n","protected":false},"author":1,"featured_media":0,"parent":34,"menu_order":2,"comment_status":"closed","ping_status":"closed","template":"","meta":{"neve_meta_sidebar":"","neve_meta_container":"","neve_meta_enable_content_width":"","neve_meta_content_width":0,"neve_meta_title_alignment":"","neve_meta_author_avatar":"","neve_post_elements_order":"","neve_meta_disable_header":"","neve_meta_disable_footer":"","neve_meta_disable_title":"","footnotes":""},"class_list":["post-249","page","type-page","status-publish","hentry"],"_links":{"self":[{"href":"https:\/\/www.apifera.org\/index.php\/wp-json\/wp\/v2\/pages\/249","targetHints":{"allow":["GET"]}}],"collection":[{"href":"https:\/\/www.apifera.org\/index.php\/wp-json\/wp\/v2\/pages"}],"about":[{"href":"https:\/\/www.apifera.org\/index.php\/wp-json\/wp\/v2\/types\/page"}],"author":[{"embeddable":true,"href":"https:\/\/www.apifera.org\/index.php\/wp-json\/wp\/v2\/users\/1"}],"replies":[{"embeddable":true,"href":"https:\/\/www.apifera.org\/index.php\/wp-json\/wp\/v2\/comments?post=249"}],"version-history":[{"count":1,"href":"https:\/\/www.apifera.org\/index.php\/wp-json\/wp\/v2\/pages\/249\/revisions"}],"predecessor-version":[{"id":252,"href":"https:\/\/www.apifera.org\/index.php\/wp-json\/wp\/v2\/pages\/249\/revisions\/252"}],"up":[{"embeddable":true,"href":"https:\/\/www.apifera.org\/index.php\/wp-json\/wp\/v2\/pages\/34"}],"wp:attachment":[{"href":"https:\/\/www.apifera.org\/index.php\/wp-json\/wp\/v2\/media?parent=249"}],"curies":[{"name":"wp","href":"https:\/\/api.w.org\/{rel}","templated":true}]}}