{"id":254,"date":"2024-04-07T17:21:28","date_gmt":"2024-04-07T15:21:28","guid":{"rendered":"https:\/\/www.apifera.org\/?page_id=254"},"modified":"2024-04-08T22:31:33","modified_gmt":"2024-04-08T20:31:33","slug":"la-chouette-hulotte","status":"publish","type":"page","link":"https:\/\/www.apifera.org\/index.php\/faune\/la-chouette-hulotte\/","title":{"rendered":"La chouette hulotte"},"content":{"rendered":"\n<h3 class=\"wp-block-heading has-text-align-center\"><em>Stryx aluco (Linnaeus, 1758)<\/em> &#8211; Strigidae &#8211; La chouette hulotte<\/h3>\n\n\n\n<div class=\"wp-block-columns is-layout-flex wp-container-core-columns-is-layout-9d6595d7 wp-block-columns-is-layout-flex\">\n<div class=\"wp-block-column is-layout-flow wp-block-column-is-layout-flow\">\n<figure class=\"wp-block-image size-full\"><img loading=\"lazy\" decoding=\"async\" width=\"633\" height=\"537\" src=\"https:\/\/www.apifera.org\/wp-content\/uploads\/2024\/04\/chouette-hulotte-1.jpg\" alt=\"\" class=\"wp-image-257\" srcset=\"https:\/\/www.apifera.org\/wp-content\/uploads\/2024\/04\/chouette-hulotte-1.jpg 633w, https:\/\/www.apifera.org\/wp-content\/uploads\/2024\/04\/chouette-hulotte-1-300x255.jpg 300w\" sizes=\"auto, (max-width: 633px) 100vw, 633px\" \/><\/figure>\n<\/div>\n\n\n\n<div class=\"wp-block-column is-layout-flow wp-block-column-is-layout-flow\">\n<p class=\"has-text-align-center\"><strong>Classification scientifique :<\/strong><\/p>\n\n\n\n<p><strong>Phylum : Chordata<\/strong><\/p>\n\n\n\n<p><strong>Classe : Aves<\/strong><\/p>\n\n\n\n<p><strong>Ordre : Strigiformes<\/strong><\/p>\n\n\n\n<p><strong>Famille : Strigidae<\/strong><\/p>\n\n\n\n<p><strong>Genre : Stryx<\/strong><\/p>\n\n\n\n<p><strong>Esp\u00e8ce : aluco<\/strong><\/p>\n\n\n\n<p><strong>Nom scientifique : <em>Stryx aluco<\/em><\/strong><\/p>\n\n\n\n<p><strong>Noms vernaculaires :<\/strong><strong> Chouette hulotte<\/strong><\/p>\n<\/div>\n<\/div>\n\n\n\n<div class=\"wp-block-columns is-layout-flex wp-container-core-columns-is-layout-9d6595d7 wp-block-columns-is-layout-flex\">\n<div class=\"wp-block-column is-layout-flow wp-block-column-is-layout-flow\">\n<p>En mars 2018, notre association a \u00e9t\u00e9 contact\u00e9e par Coline, inqui\u00e8te sur le devenir d&rsquo;une jeune chouette hulotte qu&rsquo;elle avait recueillie sur le trottoir alors qu&rsquo;elle \u00e9tait poursuivie par\u00a0un vilain matou. Pour la tranquilliser,\u00a0apr\u00e8s cette aventure, elle l&rsquo;a install\u00e9e au calme dans un carton. A son appel, notre naturaliste s&rsquo;est rendu sur place et\u00a0\u00e0\u00a0chercher\u00a0avec la jeune demoiselle \u00a0les signes de la pr\u00e9sence\u00a0d&rsquo;un nid dans un trou d&rsquo;arbre du parc. La recherche n&rsquo;a rien donn\u00e9.<\/p>\n\n\n\n<p>A la tomb\u00e9e de la nuit, il a rep\u00e9r\u00e9 un des parents, s\u00fbrement la m\u00e8re (forme\u00a0brune) dans un c\u00e8dre, qui poussait des cris. Il a\u00a0d\u00e9cid\u00e9 d&rsquo;installer\u00a0la\u00a0jeune hulotte sur les branches d&rsquo;un arbre afin de la prot\u00e9ger des \u00e9ventuels pr\u00e9dateurs. Le contact s&rsquo;est fait instantan\u00e9ment avec la m\u00e8re, depuis elle nourrit r\u00e9guli\u00e8rement son petit de quatre semaines environ\u00a0qui va\u00a0bient\u00f4t partir chasser avec ses parents. Tout cela se passe sous le regard \u00e9merveill\u00e9 de Coline qui a baptis\u00e9 \u00a0cette jeune chouette \u00ab\u00a0Ablette\u00a0\u00bb.\u00a0C&rsquo;est une histoire qui finit bien, mais toutes ne finissent pas comme celle-ci.<\/p>\n\n\n\n<p>Nous pensons que nous pourrions envisager&nbsp;l&rsquo;installation d&rsquo;un ou deux nichoirs dans le parc.<\/p>\n\n\n\n<p>Nous joignons les photos \u00ab\u00a0d&rsquo;ablette\u00a0\u00bb prises&nbsp;par Coline.<\/p>\n\n\n\n<h4 class=\"wp-block-heading\">Mars-Avril : C\u2019est la saison o\u00f9 les jeunes chouettes sont insupportables\u2026 !<\/h4>\n\n\n\n<p>Les jeunes rapaces nocturnes quittent le nid avant d\u2019\u00eatre totalement emplum\u00e9s, et donc de savoir voler. Ils restent \u00e0 proximit\u00e9 de l\u2019aire et les parents continuent \u00e0 les nourrir. Les jeunes se retrouvent souvent au sol et sont r\u00e9cup\u00e9r\u00e9s par des personnes qui, les croyant abandonn\u00e9s, les capturent et contactent les associations naturalistes. Plus de 65% des rapaces nocturnes accueillis dans les centres de soins de la faune sauvage sont des jeunes qui ont \u00e9t\u00e9 recueillis \u00ab \u00e0 tort \u00bb, par des personnes pensant bien faire. Malgr\u00e9 tous les soins, les soigneurs ne peuvent remplacer leurs parents et, les chances de survie de ces oiseaux, une fois retourn\u00e9s \u00e0 la vie sauvage sont r\u00e9duites du fait d\u2019un apprentissage des techniques de chasse limit\u00e9 et des risques d\u2019impr\u00e9gnation.<\/p>\n\n\n\n<p><strong>Conseils<\/strong><\/p>\n\n\n\n<p><mark style=\"background-color:rgba(0, 0, 0, 0)\" class=\"has-inline-color has-nv-c-2-color\"><strong>Si vous trouvez une jeune chouette dans un parc ou autre, \u00e0 terre, et si vous jugez qu\u2019il y a un risque de rencontre avec un pr\u00e9dateur (chat, chien) deux solutions : vous pouvez la prendre et la poser sur la branche d\u2019un arbre ou un autre support pas tr\u00e8s loin de l\u00e0 o\u00f9 vous l\u2019avez trouv\u00e9e ou contacter une association naturaliste. Il ne faut pas oublier\u00a0que tous\u00a0les rapaces nocturnes sont prot\u00e9g\u00e9s<\/strong><\/mark><\/p>\n\n\n\n<div class=\"wp-block-columns is-layout-flex wp-container-core-columns-is-layout-9d6595d7 wp-block-columns-is-layout-flex\">\n<div class=\"wp-block-column is-layout-flow wp-block-column-is-layout-flow\">\n<figure class=\"wp-block-image size-full\"><img loading=\"lazy\" decoding=\"async\" width=\"612\" height=\"537\" src=\"https:\/\/www.apifera.org\/wp-content\/uploads\/2024\/04\/chouette-hulotte-2.jpg\" alt=\"\" class=\"wp-image-258\" srcset=\"https:\/\/www.apifera.org\/wp-content\/uploads\/2024\/04\/chouette-hulotte-2.jpg 612w, https:\/\/www.apifera.org\/wp-content\/uploads\/2024\/04\/chouette-hulotte-2-300x263.jpg 300w\" sizes=\"auto, (max-width: 612px) 100vw, 612px\" \/><figcaption class=\"wp-element-caption\"><em>Ablette, jeune chouette hulotte<\/em><\/figcaption><\/figure>\n<\/div>\n\n\n\n<div class=\"wp-block-column is-layout-flow wp-block-column-is-layout-flow\">\n<figure class=\"wp-block-image size-full\"><img loading=\"lazy\" decoding=\"async\" width=\"437\" height=\"430\" src=\"https:\/\/www.apifera.org\/wp-content\/uploads\/2024\/04\/chouette-hulotte-3.jpg\" alt=\"\" class=\"wp-image-259\" srcset=\"https:\/\/www.apifera.org\/wp-content\/uploads\/2024\/04\/chouette-hulotte-3.jpg 437w, https:\/\/www.apifera.org\/wp-content\/uploads\/2024\/04\/chouette-hulotte-3-300x295.jpg 300w\" sizes=\"auto, (max-width: 437px) 100vw, 437px\" \/><figcaption class=\"wp-element-caption\">Ablette, jeune chouette hulotte<\/figcaption><\/figure>\n<\/div>\n\n\n\n<div class=\"wp-block-column is-layout-flow wp-block-column-is-layout-flow\">\n<figure class=\"wp-block-image size-full\"><img loading=\"lazy\" decoding=\"async\" width=\"533\" height=\"533\" src=\"https:\/\/www.apifera.org\/wp-content\/uploads\/2024\/04\/chouette-hulotte-bb-1.jpg\" alt=\"\" class=\"wp-image-261\" srcset=\"https:\/\/www.apifera.org\/wp-content\/uploads\/2024\/04\/chouette-hulotte-bb-1.jpg 533w, https:\/\/www.apifera.org\/wp-content\/uploads\/2024\/04\/chouette-hulotte-bb-1-300x300.jpg 300w, https:\/\/www.apifera.org\/wp-content\/uploads\/2024\/04\/chouette-hulotte-bb-1-150x150.jpg 150w\" sizes=\"auto, (max-width: 533px) 100vw, 533px\" \/><\/figure>\n<\/div>\n<\/div>\n<\/div>\n<\/div>\n","protected":false},"excerpt":{"rendered":"<p>Stryx aluco (Linnaeus, 1758) &#8211; Strigidae &#8211; La chouette hulotte Classification scientifique : Phylum : Chordata Classe : Aves Ordre : Strigiformes Famille : Strigidae Genre : Stryx Esp\u00e8ce : aluco Nom scientifique : Stryx aluco Noms vernaculaires : Chouette hulotte En mars 2018, notre association a \u00e9t\u00e9 contact\u00e9e par Coline, inqui\u00e8te sur le devenir&hellip;&nbsp;<a href=\"https:\/\/www.apifera.org\/index.php\/faune\/la-chouette-hulotte\/\" rel=\"bookmark\">Lire la suite &raquo;<span class=\"screen-reader-text\">La chouette hulotte<\/span><\/a><\/p>\n","protected":false},"author":1,"featured_media":0,"parent":34,"menu_order":2,"comment_status":"closed","ping_status":"closed","template":"","meta":{"neve_meta_sidebar":"","neve_meta_container":"","neve_meta_enable_content_width":"","neve_meta_content_width":0,"neve_meta_title_alignment":"","neve_meta_author_avatar":"","neve_post_elements_order":"","neve_meta_disable_header":"","neve_meta_disable_footer":"","neve_meta_disable_title":"","footnotes":""},"class_list":["post-254","page","type-page","status-publish","hentry"],"_links":{"self":[{"href":"https:\/\/www.apifera.org\/index.php\/wp-json\/wp\/v2\/pages\/254","targetHints":{"allow":["GET"]}}],"collection":[{"href":"https:\/\/www.apifera.org\/index.php\/wp-json\/wp\/v2\/pages"}],"about":[{"href":"https:\/\/www.apifera.org\/index.php\/wp-json\/wp\/v2\/types\/page"}],"author":[{"embeddable":true,"href":"https:\/\/www.apifera.org\/index.php\/wp-json\/wp\/v2\/users\/1"}],"replies":[{"embeddable":true,"href":"https:\/\/www.apifera.org\/index.php\/wp-json\/wp\/v2\/comments?post=254"}],"version-history":[{"count":4,"href":"https:\/\/www.apifera.org\/index.php\/wp-json\/wp\/v2\/pages\/254\/revisions"}],"predecessor-version":[{"id":265,"href":"https:\/\/www.apifera.org\/index.php\/wp-json\/wp\/v2\/pages\/254\/revisions\/265"}],"up":[{"embeddable":true,"href":"https:\/\/www.apifera.org\/index.php\/wp-json\/wp\/v2\/pages\/34"}],"wp:attachment":[{"href":"https:\/\/www.apifera.org\/index.php\/wp-json\/wp\/v2\/media?parent=254"}],"curies":[{"name":"wp","href":"https:\/\/api.w.org\/{rel}","templated":true}]}}