{"id":27,"date":"2024-02-10T17:10:09","date_gmt":"2024-02-10T16:10:09","guid":{"rendered":"https:\/\/www.apifera.org\/?page_id=27"},"modified":"2024-04-30T08:54:42","modified_gmt":"2024-04-30T06:54:42","slug":"accueil","status":"publish","type":"page","link":"https:\/\/www.apifera.org\/","title":{"rendered":"index"},"content":{"rendered":"\n<div class=\"wp-block-columns is-layout-flex wp-container-core-columns-is-layout-9d6595d7 wp-block-columns-is-layout-flex\">\n<div class=\"wp-block-column is-layout-flow wp-block-column-is-layout-flow\"><div class=\"wp-block-site-logo\"><a href=\"https:\/\/www.apifera.org\/\" class=\"custom-logo-link\" rel=\"home\"><img loading=\"lazy\" decoding=\"async\" width=\"366\" height=\"209\" src=\"https:\/\/www.apifera.org\/wp-content\/uploads\/2024\/03\/apifera-sciences-naturelles-logo-baniere.jpg\" class=\"custom-logo\" alt=\"APIFERA Sciences naturelles\" srcset=\"https:\/\/www.apifera.org\/wp-content\/uploads\/2024\/03\/apifera-sciences-naturelles-logo-baniere.jpg 403w, https:\/\/www.apifera.org\/wp-content\/uploads\/2024\/03\/apifera-sciences-naturelles-logo-baniere-300x172.jpg 300w\" sizes=\"auto, (max-width: 366px) 100vw, 366px\" \/><\/a><\/div><\/div>\n\n\n\n<div class=\"wp-block-column is-layout-flow wp-block-column-is-layout-flow\">\n<h3 class=\"wp-block-heading\">Actualit\u00e9s : d\u00e9couvrez les derniers articles publi\u00e9s<\/h3>\n\n\n<ul class=\"wp-block-latest-posts__list wp-block-latest-posts\"><li><a class=\"wp-block-latest-posts__post-title\" href=\"https:\/\/www.apifera.org\/index.php\/2026\/05\/04\/a-la-decouverte-des-prairies-naturelles\/\">A la d\u00e9couverte des prairies naturelles<\/a><\/li>\n<li><a class=\"wp-block-latest-posts__post-title\" href=\"https:\/\/www.apifera.org\/index.php\/2026\/04\/22\/a-la-decouverte-des-libellules-et-des-odonates\/\">A la d\u00e9couverte des libellules et des odonates<\/a><\/li>\n<li><a class=\"wp-block-latest-posts__post-title\" href=\"https:\/\/www.apifera.org\/index.php\/2026\/02\/28\/spap-2026\/\">SPAP 2026<\/a><\/li>\n<li><a class=\"wp-block-latest-posts__post-title\" href=\"https:\/\/www.apifera.org\/index.php\/2026\/01\/14\/programme-du-premier-semestre-2026\/\">Programme du premier semestre 2026<\/a><\/li>\n<li><a class=\"wp-block-latest-posts__post-title\" href=\"https:\/\/www.apifera.org\/index.php\/2025\/06\/25\/nourrir-pas-detruire-pourquoi-la-loi-duplomb-pose-probleme\/\">Nourrir, pas d\u00e9truire. Pourquoi la loi Duplomb pose probl\u00e8me ?<\/a><\/li>\n<\/ul><\/div>\n<\/div>\n\n\n\n<div class=\"wp-block-cover alignfull\" style=\"min-height:700px;aspect-ratio:unset;\"><span aria-hidden=\"true\" class=\"wp-block-cover__background has-background-dim-0 has-background-dim\"><\/span><img loading=\"lazy\" decoding=\"async\" width=\"2560\" height=\"1554\" class=\"wp-block-cover__image-background wp-image-62\" alt=\"apifera-association-nature-tarn\" src=\"https:\/\/www.apifera.org\/wp-content\/uploads\/2024\/03\/arbres-page-accueil.jpg\" data-object-fit=\"cover\" srcset=\"https:\/\/www.apifera.org\/wp-content\/uploads\/2024\/03\/arbres-page-accueil.jpg 2560w, https:\/\/www.apifera.org\/wp-content\/uploads\/2024\/03\/arbres-page-accueil-300x182.jpg 300w, https:\/\/www.apifera.org\/wp-content\/uploads\/2024\/03\/arbres-page-accueil-1024x622.jpg 1024w, https:\/\/www.apifera.org\/wp-content\/uploads\/2024\/03\/arbres-page-accueil-768x466.jpg 768w, https:\/\/www.apifera.org\/wp-content\/uploads\/2024\/03\/arbres-page-accueil-1536x932.jpg 1536w, https:\/\/www.apifera.org\/wp-content\/uploads\/2024\/03\/arbres-page-accueil-2048x1243.jpg 2048w\" sizes=\"auto, (max-width: 2560px) 100vw, 2560px\" \/><div class=\"wp-block-cover__inner-container is-layout-flow wp-block-cover-is-layout-flow\">\n<div style=\"height:463px\" aria-hidden=\"true\" class=\"wp-block-spacer\"><\/div>\n\n\n\n<h1 class=\"wp-block-heading has-text-align-center has-nv-light-bg-color has-text-color has-link-color wp-elements-312f8369cc46537c4ea5150daf12ceb2\" style=\"font-size:50px\">APIFERA Sciences Naturelles <\/h1>\n\n\n\n<h1 class=\"wp-block-heading has-text-align-center has-nv-light-bg-color has-text-color has-link-color wp-elements-57ae0d172d5e4045c7191ac31fc639ac\" style=\"font-size:50px\">Pour la connaissance et la pr\u00e9servation de la Nature<\/h1>\n\n\n\n<p><\/p>\n\n\n\n<p><\/p>\n\n\n\n<p><\/p>\n\n\n\n<p><\/p>\n\n\n\n<p><\/p>\n\n\n\n<p><\/p>\n\n\n\n<p><\/p>\n\n\n\n<p><\/p>\n\n\n\n<p><\/p>\n\n\n\n<p><\/p>\n\n\n\n<p><\/p>\n\n\n\n<p><\/p>\n\n\n\n<p><\/p>\n\n\n\n<p><\/p>\n\n\n\n<p><\/p>\n\n\n\n<div class=\"wp-block-buttons is-content-justification-center is-layout-flex wp-container-core-buttons-is-layout-16018d1d wp-block-buttons-is-layout-flex\">\n<div class=\"wp-block-button is-style-primary\"><a class=\"wp-block-button__link wp-element-button\" href=\"https:\/\/www.apifera.org\/index.php\/adherer-nous-soutenir\/\">Adh\u00e9rer<\/a><\/div>\n\n\n\n<div class=\"wp-block-button is-style-primary\"><a class=\"wp-block-button__link has-nv-c-1-background-color has-background wp-element-button\" href=\"https:\/\/www.apifera.org\/index.php\/adherer-nous-soutenir\/\">Nous soutenir<\/a><\/div>\n<\/div>\n\n\n\n<div style=\"height:80px\" aria-hidden=\"true\" class=\"wp-block-spacer\"><\/div>\n\n\n\n<p><\/p>\n<\/div><\/div>\n\n\n\n<div style=\"height:80px\" aria-hidden=\"true\" class=\"wp-block-spacer\"><\/div>\n\n\n\n<div class=\"wp-block-columns is-layout-flex wp-container-core-columns-is-layout-9d6595d7 wp-block-columns-is-layout-flex\">\n<div class=\"wp-block-column is-layout-flow wp-block-column-is-layout-flow\"><div class=\"wp-block-image\">\n<figure class=\"aligncenter size-full\"><img loading=\"lazy\" decoding=\"async\" width=\"48\" height=\"48\" src=\"https:\/\/www.apifera.org\/wp-content\/uploads\/2024\/03\/icons8-foret-48.png\" alt=\"\" class=\"wp-image-103\"\/><\/figure>\n<\/div>\n\n\n<div style=\"height:20px\" aria-hidden=\"true\" class=\"wp-block-spacer\"><\/div>\n\n\n\n<h3 class=\"wp-block-heading has-text-align-center has-neve-text-color-color has-text-color\">Promouvoir l&rsquo;\u00e9cologie scientifique et inventorier la faune et la flore<\/h3>\n\n\n\n<p class=\"has-text-align-center\">Etudier et agir dans le domaine de la recherche et de la connaissance de la Nature, mettre en place des inventaires floristiques et faunistiques dans les divers milieux du d\u00e9partement<\/p>\n\n\n\n<div style=\"height:20px\" aria-hidden=\"true\" class=\"wp-block-spacer\"><\/div>\n<\/div>\n\n\n\n<div class=\"wp-block-column is-layout-flow wp-block-column-is-layout-flow\"><div class=\"wp-block-image is-resized icon-style is-style-default\">\n<figure class=\"aligncenter size-full\"><img loading=\"lazy\" decoding=\"async\" width=\"48\" height=\"48\" src=\"https:\/\/www.apifera.org\/wp-content\/uploads\/2024\/03\/icons8-feuille-48.png\" alt=\"\" class=\"wp-image-104\"\/><\/figure>\n<\/div>\n\n\n<div style=\"height:20px\" aria-hidden=\"true\" class=\"wp-block-spacer\"><\/div>\n\n\n\n<h3 class=\"wp-block-heading has-text-align-center has-neve-text-color-color has-text-color\">Comprendre tous les services rendus par les \u00e9cosyst\u00e8mes \u00e0 la soci\u00e9t\u00e9<\/h3>\n\n\n\n<p class=\"has-text-align-center\">Avoir un r\u00f4le p\u00e9dagogique d&rsquo;information et de sensibilisation aupr\u00e8s du public, des \u00e9tablissements primaires et secondaires ainsi que les centres de loisirs<\/p>\n\n\n\n<div style=\"height:20px\" aria-hidden=\"true\" class=\"wp-block-spacer\"><\/div>\n<\/div>\n\n\n\n<div class=\"wp-block-column is-layout-flow wp-block-column-is-layout-flow\"><div class=\"wp-block-image is-resized icon-style is-style-rounded\">\n<figure class=\"aligncenter size-full\"><img loading=\"lazy\" decoding=\"async\" width=\"100\" height=\"100\" src=\"https:\/\/www.apifera.org\/wp-content\/uploads\/2024\/03\/icons8-fleur-100.png\" alt=\"\" class=\"wp-image-105\" style=\"width:46px;height:auto\"\/><\/figure>\n<\/div>\n\n\n<div style=\"height:20px\" aria-hidden=\"true\" class=\"wp-block-spacer\"><\/div>\n\n\n\n<h3 class=\"wp-block-heading has-text-align-center has-neve-text-color-color has-text-color\">Prot\u00e9ger, conserver et restaurer la biodiversit\u00e9 et ses \u00e9cosyst\u00e8mes<\/h3>\n\n\n\n<p class=\"has-text-align-center\">Agir pour la sauvegarde de l&rsquo;int\u00e9r\u00eat g\u00e9n\u00e9ral dans le domaine de l&rsquo;environnement, de l&rsquo;am\u00e9nagement harmonieux et de l&rsquo;\u00e9quilibre \u00e9cologique du territoire et de l&rsquo;urbanisme<\/p>\n\n\n\n<div style=\"height:20px\" aria-hidden=\"true\" class=\"wp-block-spacer\"><\/div>\n<\/div>\n<\/div>\n\n\n\n<div style=\"height:80px\" aria-hidden=\"true\" class=\"wp-block-spacer\"><\/div>\n\n\n\n<div class=\"wp-block-cover alignfull is-light\" style=\"min-height:600px;aspect-ratio:unset;\"><span aria-hidden=\"true\" class=\"wp-block-cover__background has-nv-light-bg-background-color has-background-dim-100 has-background-dim\"><\/span><div class=\"wp-block-cover__inner-container is-layout-flow wp-block-cover-is-layout-flow\">\n<div class=\"wp-block-group\"><div class=\"wp-block-group__inner-container is-layout-flow wp-block-group-is-layout-flow\">\n<div style=\"height:80px\" aria-hidden=\"true\" class=\"wp-block-spacer\"><\/div>\n\n\n\n<div class=\"wp-block-columns are-vertically-aligned-center is-layout-flex wp-container-core-columns-is-layout-9d6595d7 wp-block-columns-is-layout-flex\">\n<div class=\"wp-block-column is-vertically-aligned-center is-layout-flow wp-block-column-is-layout-flow\" style=\"flex-basis:50%\">\n<figure class=\"wp-block-image size-full\"><img loading=\"lazy\" decoding=\"async\" width=\"601\" height=\"600\" src=\"https:\/\/www.apifera.org\/wp-content\/uploads\/2024\/03\/hirondelle-de-fenetre-Delichon-urbicum.jpg\" alt=\"suivi des hirondelles tarn\" class=\"wp-image-72\" srcset=\"https:\/\/www.apifera.org\/wp-content\/uploads\/2024\/03\/hirondelle-de-fenetre-Delichon-urbicum.jpg 601w, https:\/\/www.apifera.org\/wp-content\/uploads\/2024\/03\/hirondelle-de-fenetre-Delichon-urbicum-300x300.jpg 300w, https:\/\/www.apifera.org\/wp-content\/uploads\/2024\/03\/hirondelle-de-fenetre-Delichon-urbicum-150x150.jpg 150w\" sizes=\"auto, (max-width: 601px) 100vw, 601px\" \/><\/figure>\n<\/div>\n\n\n\n<div class=\"wp-block-column is-vertically-aligned-center is-layout-flow wp-block-column-is-layout-flow\" style=\"flex-basis:50%\">\n<div style=\"height:20px\" aria-hidden=\"true\" class=\"wp-block-spacer\"><\/div>\n\n\n\n<h2 class=\"wp-block-heading has-text-align-left has-neve-text-color-color has-text-color\">Suivi des hirondelles<\/h2>\n\n\n\n<p class=\"has-text-align-left has-neve-text-color-color has-text-color\" style=\"font-size:17px\">Depuis 2013, APIFERA a entrepris un suivi r\u00e9gulier des hirondelles sur les communes de Lisle sur Tarn et Montans : surveillance des nids, des couv\u00e9es, comptage, information des habitants sur la n\u00e9cessaire protection des nids et l\u2019importance de ne pas g\u00eaner les oiseaux pendant la reproduction et la couvaison&nbsp;<em>(photo Christian Conrad \u2013 Hirondelle de fen\u00eatre \u2013 Delichon urbicum \u2013 Lisle sur Tarn)<\/em><\/p>\n\n\n\n<div class=\"wp-block-buttons is-content-justification-left is-layout-flex wp-container-core-buttons-is-layout-fdcfc74e wp-block-buttons-is-layout-flex\">\n<div class=\"wp-block-button is-style-primary\"><a class=\"wp-block-button__link wp-element-button\" href=\"https:\/\/www.apifera.org\/index.php\/apifera-association-de-protection-de-la-nature\/actions-positions-defendues-par-apifera\/\">En savoir plus<\/a><\/div>\n<\/div>\n<\/div>\n<\/div>\n\n\n\n<div style=\"height:40px\" aria-hidden=\"true\" class=\"wp-block-spacer\"><\/div>\n<\/div><\/div>\n<\/div><\/div>\n\n\n\n<div class=\"wp-block-cover alignfull is-light\" style=\"min-height:600px;aspect-ratio:unset;\"><span aria-hidden=\"true\" class=\"wp-block-cover__background has-nv-site-bg-background-color has-background-dim-100 has-background-dim\"><\/span><div class=\"wp-block-cover__inner-container is-layout-flow wp-block-cover-is-layout-flow\">\n<div class=\"wp-block-group\"><div class=\"wp-block-group__inner-container is-layout-flow wp-block-group-is-layout-flow\">\n<div style=\"height:80px\" aria-hidden=\"true\" class=\"wp-block-spacer\"><\/div>\n\n\n\n<div class=\"wp-block-columns are-vertically-aligned-center is-layout-flex wp-container-core-columns-is-layout-9d6595d7 wp-block-columns-is-layout-flex\">\n<div class=\"wp-block-column is-vertically-aligned-center is-layout-flow wp-block-column-is-layout-flow\" style=\"flex-basis:50%\">\n<h2 class=\"wp-block-heading has-text-align-left has-neve-text-color-color has-text-color\">Sorties botaniques et naturalistes<\/h2>\n\n\n\n<p class=\"has-text-align-left has-neve-text-color-color has-text-color\" style=\"font-size:17px\">Les balades botaniques et naturalistes sont programm\u00e9es dans les diff\u00e9rents milieux du d\u00e9partement avec la volont\u00e9 de faire d\u00e9couvrir des \u00e9cosyst\u00e8mes, de nourrir la r\u00e9flexion sur l\u2019\u00e9rosion de la biodiversit\u00e9&nbsp;<em>(photo Isabelle Debrus \u2013 F\u00eate de la Nature au Moulin du Barthas)<\/em><\/p>\n\n\n\n<div class=\"wp-block-buttons is-content-justification-left is-layout-flex wp-container-core-buttons-is-layout-fdcfc74e wp-block-buttons-is-layout-flex\">\n<div class=\"wp-block-button is-style-primary\"><a class=\"wp-block-button__link wp-element-button\" href=\"https:\/\/www.apifera.org\/index.php\/evenements-sortie-nature-tarn\/\">En savoir plus<\/a><\/div>\n<\/div>\n\n\n\n<div style=\"height:40px\" aria-hidden=\"true\" class=\"wp-block-spacer\"><\/div>\n<\/div>\n\n\n\n<div class=\"wp-block-column is-vertically-aligned-center is-layout-flow wp-block-column-is-layout-flow\" style=\"flex-basis:50%\">\n<figure class=\"wp-block-image size-full\"><img loading=\"lazy\" decoding=\"async\" width=\"600\" height=\"600\" src=\"https:\/\/www.apifera.org\/wp-content\/uploads\/2024\/03\/determination-botanique.jpg\" alt=\"d\u00e9termination botanique tarn\" class=\"wp-image-69\" srcset=\"https:\/\/www.apifera.org\/wp-content\/uploads\/2024\/03\/determination-botanique.jpg 600w, https:\/\/www.apifera.org\/wp-content\/uploads\/2024\/03\/determination-botanique-300x300.jpg 300w, https:\/\/www.apifera.org\/wp-content\/uploads\/2024\/03\/determination-botanique-150x150.jpg 150w\" sizes=\"auto, (max-width: 600px) 100vw, 600px\" \/><\/figure>\n<\/div>\n<\/div>\n\n\n\n<div style=\"height:40px\" aria-hidden=\"true\" class=\"wp-block-spacer\"><\/div>\n<\/div><\/div>\n<\/div><\/div>\n\n\n\n<div class=\"wp-block-cover alignfull is-light\" style=\"min-height:600px;aspect-ratio:unset;\"><span aria-hidden=\"true\" class=\"wp-block-cover__background has-nv-dark-bg-background-color has-background-dim-100 has-background-dim\"><\/span><div class=\"wp-block-cover__inner-container is-layout-flow wp-block-cover-is-layout-flow\">\n<div class=\"wp-block-group\"><div class=\"wp-block-group__inner-container is-layout-flow wp-block-group-is-layout-flow\">\n<div style=\"height:80px\" aria-hidden=\"true\" class=\"wp-block-spacer\"><\/div>\n\n\n\n<div class=\"wp-block-columns are-vertically-aligned-center is-layout-flex wp-container-core-columns-is-layout-9d6595d7 wp-block-columns-is-layout-flex\">\n<div class=\"wp-block-column is-vertically-aligned-center is-layout-flow wp-block-column-is-layout-flow\" style=\"flex-basis:50%\">\n<figure class=\"wp-block-image size-full\"><img loading=\"lazy\" decoding=\"async\" width=\"600\" height=\"600\" src=\"https:\/\/www.apifera.org\/wp-content\/uploads\/2024\/03\/biocybele-barnum.jpg\" alt=\"Biocyb\u00e8le participation d'Apifera tarn\" class=\"wp-image-65\" srcset=\"https:\/\/www.apifera.org\/wp-content\/uploads\/2024\/03\/biocybele-barnum.jpg 600w, https:\/\/www.apifera.org\/wp-content\/uploads\/2024\/03\/biocybele-barnum-300x300.jpg 300w, https:\/\/www.apifera.org\/wp-content\/uploads\/2024\/03\/biocybele-barnum-150x150.jpg 150w\" sizes=\"auto, (max-width: 600px) 100vw, 600px\" \/><\/figure>\n<\/div>\n\n\n\n<div class=\"wp-block-column is-vertically-aligned-center is-layout-flow wp-block-column-is-layout-flow\" style=\"flex-basis:50%\">\n<div style=\"height:40px\" aria-hidden=\"true\" class=\"wp-block-spacer\"><\/div>\n\n\n\n<h2 class=\"wp-block-heading has-text-align-left has-nv-text-dark-bg-color has-text-color\">Participation \u00e0 des \u00e9v\u00e9nements nationaux et d\u00e9partementaux<\/h2>\n\n\n\n<p class=\"has-text-align-left has-nv-text-dark-bg-color has-text-color\" style=\"font-size:17px\">Journ\u00e9e Mondiale des Zones Humides, F\u00eate de la Nature, Rencontre Nationale des Luttes Foresti\u00e8res, Biocyb\u00e8le \u2026&nbsp;<em>(photo Christian Conrad \u2013 Barnum d\u2019Apifera \u00e0 Biocyb\u00e8le)<\/em><\/p>\n\n\n\n<div class=\"wp-block-buttons is-content-justification-left is-layout-flex wp-container-core-buttons-is-layout-fdcfc74e wp-block-buttons-is-layout-flex\">\n<div class=\"wp-block-button is-style-primary\"><a class=\"wp-block-button__link wp-element-button\" href=\"https:\/\/www.apifera.org\/index.php\/evenements-sortie-nature-tarn\/\">En savoir plus<\/a><\/div>\n<\/div>\n<\/div>\n<\/div>\n\n\n\n<div style=\"height:40px\" aria-hidden=\"true\" class=\"wp-block-spacer\"><\/div>\n<\/div><\/div>\n<\/div><\/div>\n\n\n\n<div style=\"height:40px\" aria-hidden=\"true\" class=\"wp-block-spacer\"><\/div>\n\n\n\n<div class=\"wp-block-cover alignfull is-light\" style=\"min-height:600px;aspect-ratio:unset;\"><span aria-hidden=\"true\" class=\"wp-block-cover__background has-nv-site-bg-background-color has-background-dim-100 has-background-dim\"><\/span><div class=\"wp-block-cover__inner-container is-layout-flow wp-block-cover-is-layout-flow\">\n<div class=\"wp-block-group\"><div class=\"wp-block-group__inner-container is-layout-flow wp-block-group-is-layout-flow\">\n<div style=\"height:80px\" aria-hidden=\"true\" class=\"wp-block-spacer\"><\/div>\n\n\n\n<h2 class=\"wp-block-heading has-neve-text-color-color has-text-color\">Informer, d\u00e9battre, \u00e9changer<\/h2>\n\n\n\n<p>Cin\u00e9-d\u00e9bat, conf\u00e9rences, participation \u00e0 des tables rondes<\/p>\n\n\n\n<div style=\"height:20px\" aria-hidden=\"true\" class=\"wp-block-spacer\"><\/div>\n\n\n\n<div class=\"wp-block-columns are-vertically-aligned-center is-layout-flex wp-container-core-columns-is-layout-9d6595d7 wp-block-columns-is-layout-flex\">\n<div class=\"wp-block-column is-vertically-aligned-center is-layout-flow wp-block-column-is-layout-flow\" style=\"flex-basis:50%\">\n<figure class=\"wp-block-image size-full\"><img loading=\"lazy\" decoding=\"async\" width=\"600\" height=\"375\" src=\"https:\/\/www.apifera.org\/wp-content\/uploads\/2024\/03\/cine-conference.jpg\" alt=\"\" class=\"wp-image-68\" srcset=\"https:\/\/www.apifera.org\/wp-content\/uploads\/2024\/03\/cine-conference.jpg 600w, https:\/\/www.apifera.org\/wp-content\/uploads\/2024\/03\/cine-conference-300x188.jpg 300w\" sizes=\"auto, (max-width: 600px) 100vw, 600px\" \/><\/figure>\n\n\n\n<div style=\"height:40px\" aria-hidden=\"true\" class=\"wp-block-spacer\"><\/div>\n<\/div>\n\n\n\n<div class=\"wp-block-column is-vertically-aligned-center is-layout-flow wp-block-column-is-layout-flow\" style=\"flex-basis:50%\">\n<figure class=\"wp-block-image size-full\"><img loading=\"lazy\" decoding=\"async\" width=\"608\" height=\"375\" src=\"https:\/\/www.apifera.org\/wp-content\/uploads\/2024\/03\/banderole.jpg\" alt=\"\" class=\"wp-image-64\" srcset=\"https:\/\/www.apifera.org\/wp-content\/uploads\/2024\/03\/banderole.jpg 608w, https:\/\/www.apifera.org\/wp-content\/uploads\/2024\/03\/banderole-300x185.jpg 300w\" sizes=\"auto, (max-width: 608px) 100vw, 608px\" \/><\/figure>\n\n\n\n<div style=\"height:40px\" aria-hidden=\"true\" class=\"wp-block-spacer\"><\/div>\n<\/div>\n<\/div>\n\n\n\n<div style=\"height:40px\" aria-hidden=\"true\" class=\"wp-block-spacer\"><\/div>\n<\/div><\/div>\n<\/div><\/div>\n\n\n\n<div class=\"wp-block-cover alignfull is-light\" style=\"min-height:300px;aspect-ratio:unset;\"><span aria-hidden=\"true\" class=\"wp-block-cover__background has-nv-dark-bg-background-color has-background-dim-100 has-background-dim\"><\/span><div class=\"wp-block-cover__inner-container is-layout-flow wp-block-cover-is-layout-flow\">\n<div style=\"height:140px\" aria-hidden=\"true\" class=\"wp-block-spacer\"><\/div>\n\n\n\n<h2 class=\"wp-block-heading has-text-align-center has-nv-text-dark-bg-color has-text-color\">APIFERA Sciences Naturelles<\/h2>\n\n\n\n<h2 class=\"wp-block-heading has-text-align-center has-nv-text-dark-bg-color has-text-color\">H\u00f4tel de ville &#8211; 21 place Paul Saissac<\/h2>\n\n\n\n<h2 class=\"wp-block-heading has-text-align-center has-nv-text-dark-bg-color has-text-color\">81310 LISLE SUR TARN <\/h2>\n\n\n\n<h2 class=\"wp-block-heading has-text-align-center has-nv-text-dark-bg-color has-text-color\">06 70 05 31 18<\/h2>\n\n\n\n<div class=\"wp-block-buttons is-content-justification-center is-layout-flex wp-container-core-buttons-is-layout-16018d1d wp-block-buttons-is-layout-flex\">\n<div class=\"wp-block-button is-style-primary\"><a class=\"wp-block-button__link wp-element-button\" href=\"https:\/\/www.facebook.com\/Apifera\" target=\"_blank\" rel=\"noreferrer noopener\">Suivez-nous sur Facebook<\/a><\/div>\n<\/div>\n\n\n\n<div style=\"height:140px\" aria-hidden=\"true\" class=\"wp-block-spacer\"><\/div>\n<\/div><\/div>\n","protected":false},"excerpt":{"rendered":"<p>Actualit\u00e9s : d\u00e9couvrez les derniers articles publi\u00e9s Promouvoir l&rsquo;\u00e9cologie scientifique et inventorier la faune et la flore Etudier et agir dans le domaine de la recherche et de la connaissance de la Nature, mettre en place des inventaires floristiques et faunistiques dans les divers milieux du d\u00e9partement Comprendre tous les services rendus par les \u00e9cosyst\u00e8mes&hellip;&nbsp;<a href=\"https:\/\/www.apifera.org\/\" rel=\"bookmark\">Lire la suite &raquo;<span class=\"screen-reader-text\">index<\/span><\/a><\/p>\n","protected":false},"author":1,"featured_media":0,"parent":0,"menu_order":0,"comment_status":"closed","ping_status":"closed","template":"","meta":{"neve_meta_sidebar":"","neve_meta_container":"","neve_meta_enable_content_width":"on","neve_meta_content_width":100,"neve_meta_title_alignment":"","neve_meta_author_avatar":"","neve_post_elements_order":"","neve_meta_disable_header":"","neve_meta_disable_footer":"","neve_meta_disable_title":"on","footnotes":""},"class_list":["post-27","page","type-page","status-publish","hentry"],"_links":{"self":[{"href":"https:\/\/www.apifera.org\/index.php\/wp-json\/wp\/v2\/pages\/27","targetHints":{"allow":["GET"]}}],"collection":[{"href":"https:\/\/www.apifera.org\/index.php\/wp-json\/wp\/v2\/pages"}],"about":[{"href":"https:\/\/www.apifera.org\/index.php\/wp-json\/wp\/v2\/types\/page"}],"author":[{"embeddable":true,"href":"https:\/\/www.apifera.org\/index.php\/wp-json\/wp\/v2\/users\/1"}],"replies":[{"embeddable":true,"href":"https:\/\/www.apifera.org\/index.php\/wp-json\/wp\/v2\/comments?post=27"}],"version-history":[{"count":11,"href":"https:\/\/www.apifera.org\/index.php\/wp-json\/wp\/v2\/pages\/27\/revisions"}],"predecessor-version":[{"id":274,"href":"https:\/\/www.apifera.org\/index.php\/wp-json\/wp\/v2\/pages\/27\/revisions\/274"}],"wp:attachment":[{"href":"https:\/\/www.apifera.org\/index.php\/wp-json\/wp\/v2\/media?parent=27"}],"curies":[{"name":"wp","href":"https:\/\/api.w.org\/{rel}","templated":true}]}}