{"id":29,"date":"2024-02-10T17:10:09","date_gmt":"2024-02-10T16:10:09","guid":{"rendered":"https:\/\/www.apifera.org\/?page_id=29"},"modified":"2024-03-21T10:28:49","modified_gmt":"2024-03-21T09:28:49","slug":"adherer-nous-soutenir","status":"publish","type":"page","link":"https:\/\/www.apifera.org\/index.php\/adherer-nous-soutenir\/","title":{"rendered":"Adh\u00e9rer &#038; Nous soutenir"},"content":{"rendered":"<div class=\"wp-block-site-logo\"><a href=\"https:\/\/www.apifera.org\/\" class=\"custom-logo-link\" rel=\"home\"><img loading=\"lazy\" decoding=\"async\" width=\"328\" height=\"188\" src=\"https:\/\/www.apifera.org\/wp-content\/uploads\/2024\/03\/apifera-sciences-naturelles-logo-baniere.jpg\" class=\"custom-logo\" alt=\"APIFERA Sciences naturelles\" srcset=\"https:\/\/www.apifera.org\/wp-content\/uploads\/2024\/03\/apifera-sciences-naturelles-logo-baniere.jpg 403w, https:\/\/www.apifera.org\/wp-content\/uploads\/2024\/03\/apifera-sciences-naturelles-logo-baniere-300x172.jpg 300w\" sizes=\"auto, (max-width: 328px) 100vw, 328px\" \/><\/a><\/div>\n\n\n<div class=\"wp-block-cover alignfull is-light\" style=\"min-height:300px;aspect-ratio:unset;\"><span aria-hidden=\"true\" class=\"wp-block-cover__background has-nv-site-bg-background-color has-background-dim-100 has-background-dim\"><\/span><div class=\"wp-block-cover__inner-container is-layout-flow wp-block-cover-is-layout-flow\">\n<div class=\"wp-block-group\"><div class=\"wp-block-group__inner-container is-layout-flow wp-block-group-is-layout-flow\">\n<h3 class=\"wp-block-heading has-text-align-left has-neve-text-color-color has-text-color\">En adh\u00e9rant \u00e0 Apifera Sciences Naturelles, vous faites le choix de prot\u00e9ger la Nature et de nous aider \u00e0 mieux la faire conna\u00eetre et \u00e0 la pr\u00e9server. <\/h3>\n\n\n\n<h3 class=\"wp-block-heading has-text-align-left has-neve-text-color-color has-text-color\">Merci infiniment.<\/h3>\n\n\n\n<h3 class=\"wp-block-heading\"><strong>POURQUOI ADHERER ? <\/strong><\/h3>\n\n\n\n<p>Nous menons nos actions avec d\u2019autant plus d\u2019engagement, de conviction et de libert\u00e9 de ton que&nbsp;<strong>nous sommes ind\u00e9pendants financi\u00e8rement et donc totalement autonomes<\/strong>. Cependant, pour p\u00e9renniser ce fonctionnement, nous avons besoin de votre soutien. Nous vous encourageons donc vivement \u00e0 devenir membres d\u2019APIFERA Sciences naturelles. Vos adh\u00e9sions qui nous sont indispensables, seront un grand encouragement. Si vous le souhaitez, vous pourrez aller encore plus loin en prenant toute votre place comme membres b\u00e9n\u00e9voles. Plus nous serons nombreux, plus il y aura de moyens et aussi d\u2019id\u00e9es, d\u2019\u00e9changes et d\u2019actions.<\/p>\n<\/div><\/div>\n<\/div><\/div>\n\n\n\n<div class=\"wp-block-columns is-layout-flex wp-container-core-columns-is-layout-9d6595d7 wp-block-columns-is-layout-flex\">\n<div class=\"wp-block-column is-layout-flow wp-block-column-is-layout-flow\" style=\"flex-basis:100%\">\n<div class=\"wp-block-cover alignfull\" style=\"min-height:364px;aspect-ratio:unset;\"><span aria-hidden=\"true\" class=\"wp-block-cover__background has-nv-site-bg-background-color has-background-dim-100 has-background-dim\"><\/span><div class=\"wp-block-cover__inner-container is-layout-flow wp-block-cover-is-layout-flow\">\n<div class=\"wp-block-group\"><div class=\"wp-block-group__inner-container is-layout-flow wp-block-group-is-layout-flow\">\n<div class=\"wp-block-columns has-neve-text-color-background-color has-background is-layout-flex wp-container-core-columns-is-layout-9d6595d7 wp-block-columns-is-layout-flex\">\n<div class=\"wp-block-column is-vertically-aligned-center is-layout-flow wp-block-column-is-layout-flow\" style=\"flex-basis:50%\">\n<h2 class=\"wp-block-heading has-nv-text-dark-bg-color has-text-color\">TARIFS 2024<\/h2>\n\n\n\n<div class=\"wp-block-group is-vertical is-layout-flex wp-container-core-group-is-layout-8cf370e7 wp-block-group-is-layout-flex\">\n<p class=\"has-white-color has-text-color\">Cotisation individuelle : 20 \u20ac <\/p>\n\n\n\n<p class=\"has-white-color has-text-color\">Cotisation famille : 35 \u20ac<\/p>\n\n\n\n<p class=\"has-white-color has-text-color\">Tarif r\u00e9duit (ch\u00f4meurs, \u00e9tudiants, temps partiel) : 12 \u20ac<\/p>\n\n\n\n<p class=\"has-white-color has-text-color\">Soutien solidaire : \u00e0 partir de 20 \u20ac<\/p>\n\n\n\n<div class=\"wp-block-buttons is-content-justification-center is-layout-flex wp-container-core-buttons-is-layout-16018d1d wp-block-buttons-is-layout-flex\">\n<div class=\"wp-block-button\"><a class=\"wp-block-button__link has-text-align-center wp-element-button\" href=\"https:\/\/www.helloasso.com\/associations\/apifera\/adhesions\/cotisations-2024\" target=\"_blank\" rel=\"noreferrer noopener\">J&rsquo;adh\u00e8re<\/a><\/div>\n<\/div>\n<\/div>\n<\/div>\n\n\n\n<div class=\"wp-block-column is-layout-flow wp-block-column-is-layout-flow\" style=\"flex-basis:50%\">\n<figure class=\"wp-block-image size-full\"><img loading=\"lazy\" decoding=\"async\" width=\"600\" height=\"600\" src=\"https:\/\/www.apifera.org\/wp-content\/uploads\/2024\/03\/adherer.jpg\" alt=\"sortie-nature-tarn-tilleul-centenaire\" class=\"wp-image-60\" srcset=\"https:\/\/www.apifera.org\/wp-content\/uploads\/2024\/03\/adherer.jpg 600w, https:\/\/www.apifera.org\/wp-content\/uploads\/2024\/03\/adherer-300x300.jpg 300w, https:\/\/www.apifera.org\/wp-content\/uploads\/2024\/03\/adherer-150x150.jpg 150w\" sizes=\"auto, (max-width: 600px) 100vw, 600px\" \/><\/figure>\n<\/div>\n<\/div>\n<\/div><\/div>\n<\/div><\/div>\n\n\n\n<h3 class=\"wp-block-heading\"><strong>Devenir membre solidaire<\/strong><\/h3>\n\n\n\n<p>Nous avons cr\u00e9\u00e9 en plus des statuts de membres actifs et de membres d\u2019honneurs, le statut de membres solidaires qui permettent \u00e0 un adh\u00e9rent de soutenir l\u2019association par l\u2019acquittement d\u2019une cotisation alors qu\u2019il ne peut ou ne d\u00e9sire pas participer activement. Ce statut lui conf\u00e8re le droit de participer \u00e0 l\u2019assembl\u00e9e g\u00e9n\u00e9rale avec voix d\u00e9lib\u00e9rative. Le membre solidaire peut compl\u00e9ter sa cotisation de 20\u20ac par un don qu\u2019il pourra d\u00e9fiscaliser. En effet, notre association \u00e9tant reconnue d\u2019int\u00e9r\u00eat g\u00e9n\u00e9ral, vos dons ouvrent droit \u00e0 une r\u00e9duction d\u2019imp\u00f4t sur le revenu \u00e9gale \u00e0&nbsp;<strong>66&nbsp;% du montant vers\u00e9 dans la limite de 20 % du revenu imposable<\/strong>. Par exemple, Un don de 50 \u20ac ouvre droit \u00e0 une r\u00e9duction d\u2019imp\u00f4t de 33 \u20ac, un don de 100 \u20ac \u00e0 une r\u00e9duction de 66 \u20ac, etc<\/p>\n\n\n\n<h3 class=\"wp-block-heading\"><strong>Le saviez-vous ?<\/strong><\/h3>\n\n\n\n<p>Nous faisons une seule campagne de dons en fin d\u2019ann\u00e9e, mais cela ne vous emp\u00eache aucunement de faire une ou plusieurs contributions tout au long de l\u2019ann\u00e9e ou donner mensuellement le montant de votre choix par pr\u00e9l\u00e8vement. Il n\u2019y a pas de \u00ab&nbsp;petit montant&nbsp;\u00bb pour Apifera, chaque don est pr\u00e9cieux . Notre association a ainsi cr\u00e9\u00e9 une page sur HelloAsso qui vous permet de programmer tr\u00e8s facilement ces pr\u00e9l\u00e8vements mensuels ou ponctuels.<\/p>\n\n\n\n<div class=\"wp-block-buttons is-layout-flex wp-block-buttons-is-layout-flex\">\n<div class=\"wp-block-button\"><a class=\"wp-block-button__link wp-element-button\" href=\"https:\/\/www.helloasso.com\/associations\/apifera\/formulaires\/1\" target=\"_blank\" rel=\"noreferrer noopener\">Je fais un don \u00e0 APIFERA<\/a><\/div>\n<\/div>\n<\/div>\n<\/div>\n\n\n\n<div class=\"wp-block-cover\"><span aria-hidden=\"true\" class=\"wp-block-cover__background has-neve-text-color-background-color has-background-dim-100 has-background-dim\"><\/span><div class=\"wp-block-cover__inner-container is-layout-constrained wp-block-cover-is-layout-constrained\">\n<p class=\"has-text-align-center has-large-font-size\"><\/p>\n\n\n\n<h3 class=\"wp-block-heading\">Vous pouvez aussi adresser vos ch\u00e8ques d&rsquo;adh\u00e9sion et de dons \u00e0 l&rsquo;adresse suivante :<\/h3>\n\n\n\n<h2 class=\"wp-block-heading has-text-align-center\">APIFERA Sciences Naturelles <\/h2>\n\n\n\n<h2 class=\"wp-block-heading has-text-align-center\">H\u00f4tel de ville &#8211; 21 place Paul Saissac 81310 LISLE SUR TARN <\/h2>\n\n\n\n<h2 class=\"wp-block-heading has-text-align-center\">06 70 05 31 18<\/h2>\n\n\n\n<div class=\"wp-block-buttons alignwide is-content-justification-center is-layout-flex wp-container-core-buttons-is-layout-16018d1d wp-block-buttons-is-layout-flex\">\n<div class=\"wp-block-button\"><a class=\"wp-block-button__link has-nv-dark-bg-color has-neve-link-color-background-color has-text-color has-background has-link-color wp-element-button\" href=\"https:\/\/www.facebook.com\/Apifera\" target=\"_blank\" rel=\"noreferrer noopener\">Suivez-nous sur Facebook<\/a><\/div>\n<\/div>\n\n\n\n<p><\/p>\n\n\n\n<p><\/p>\n<\/div><\/div>\n","protected":false},"excerpt":{"rendered":"<p>Devenir membre solidaire Nous avons cr\u00e9\u00e9 en plus des statuts de membres actifs et de membres d\u2019honneurs, le statut de membres solidaires qui permettent \u00e0 un adh\u00e9rent de soutenir l\u2019association par l\u2019acquittement d\u2019une cotisation alors qu\u2019il ne peut ou ne d\u00e9sire pas participer activement. Ce statut lui conf\u00e8re le droit de participer \u00e0 l\u2019assembl\u00e9e g\u00e9n\u00e9rale&hellip;&nbsp;<a href=\"https:\/\/www.apifera.org\/index.php\/adherer-nous-soutenir\/\" rel=\"bookmark\">Lire la suite &raquo;<span class=\"screen-reader-text\">Adh\u00e9rer &#038; Nous soutenir<\/span><\/a><\/p>\n","protected":false},"author":1,"featured_media":0,"parent":0,"menu_order":0,"comment_status":"closed","ping_status":"closed","template":"","meta":{"neve_meta_sidebar":"","neve_meta_container":"","neve_meta_enable_content_width":"on","neve_meta_content_width":100,"neve_meta_title_alignment":"","neve_meta_author_avatar":"","neve_post_elements_order":"","neve_meta_disable_header":"","neve_meta_disable_footer":"","neve_meta_disable_title":"on","footnotes":""},"class_list":["post-29","page","type-page","status-publish","hentry"],"_links":{"self":[{"href":"https:\/\/www.apifera.org\/index.php\/wp-json\/wp\/v2\/pages\/29","targetHints":{"allow":["GET"]}}],"collection":[{"href":"https:\/\/www.apifera.org\/index.php\/wp-json\/wp\/v2\/pages"}],"about":[{"href":"https:\/\/www.apifera.org\/index.php\/wp-json\/wp\/v2\/types\/page"}],"author":[{"embeddable":true,"href":"https:\/\/www.apifera.org\/index.php\/wp-json\/wp\/v2\/users\/1"}],"replies":[{"embeddable":true,"href":"https:\/\/www.apifera.org\/index.php\/wp-json\/wp\/v2\/comments?post=29"}],"version-history":[{"count":11,"href":"https:\/\/www.apifera.org\/index.php\/wp-json\/wp\/v2\/pages\/29\/revisions"}],"predecessor-version":[{"id":167,"href":"https:\/\/www.apifera.org\/index.php\/wp-json\/wp\/v2\/pages\/29\/revisions\/167"}],"wp:attachment":[{"href":"https:\/\/www.apifera.org\/index.php\/wp-json\/wp\/v2\/media?parent=29"}],"curies":[{"name":"wp","href":"https:\/\/api.w.org\/{rel}","templated":true}]}}