{"id":31,"date":"2024-02-10T17:10:10","date_gmt":"2024-02-10T16:10:10","guid":{"rendered":"https:\/\/www.apifera.org\/?page_id=31"},"modified":"2024-03-21T10:21:20","modified_gmt":"2024-03-21T09:21:20","slug":"apifera-association-de-protection-de-la-nature","status":"publish","type":"page","link":"https:\/\/www.apifera.org\/index.php\/apifera-association-de-protection-de-la-nature\/","title":{"rendered":"Qui sommes-nous ?"},"content":{"rendered":"\n<div class=\"wp-block-cover alignfull is-light\" style=\"min-height:320px;aspect-ratio:unset;\"><span aria-hidden=\"true\" class=\"wp-block-cover__background has-nv-site-bg-background-color has-background-dim-100 has-background-dim\"><\/span><div class=\"wp-block-cover__inner-container is-layout-flow wp-block-cover-is-layout-flow\">\n<div class=\"wp-block-group\"><div class=\"wp-block-group__inner-container is-layout-flow wp-block-group-is-layout-flow\">\n<div class=\"wp-block-columns are-vertically-aligned-center is-layout-flex wp-container-core-columns-is-layout-9d6595d7 wp-block-columns-is-layout-flex\">\n<div class=\"wp-block-column is-vertically-aligned-center is-layout-flow wp-block-column-is-layout-flow\" style=\"flex-basis:100%\"><div class=\"wp-block-site-logo\"><a href=\"https:\/\/www.apifera.org\/\" class=\"custom-logo-link\" rel=\"home\"><img loading=\"lazy\" decoding=\"async\" width=\"300\" height=\"171\" src=\"https:\/\/www.apifera.org\/wp-content\/uploads\/2024\/03\/apifera-sciences-naturelles-logo-baniere.jpg\" class=\"custom-logo\" alt=\"APIFERA Sciences naturelles\" srcset=\"https:\/\/www.apifera.org\/wp-content\/uploads\/2024\/03\/apifera-sciences-naturelles-logo-baniere.jpg 403w, https:\/\/www.apifera.org\/wp-content\/uploads\/2024\/03\/apifera-sciences-naturelles-logo-baniere-300x172.jpg 300w\" sizes=\"auto, (max-width: 300px) 100vw, 300px\" \/><\/a><\/div>\n\n\n<h2 class=\"wp-block-heading has-text-align-left has-neve-text-color-color has-text-color\">APIFERA Sciences Naturelles<\/h2>\n<\/div>\n\n\n\n<div class=\"wp-block-column is-vertically-aligned-center is-layout-flow wp-block-column-is-layout-flow\" style=\"flex-basis:30%\"><\/div>\n<\/div>\n<\/div><\/div>\n<\/div><\/div>\n\n\n\n<div class=\"wp-block-cover alignfull is-light\" style=\"min-height:600px;aspect-ratio:unset;\"><span aria-hidden=\"true\" class=\"wp-block-cover__background has-nv-light-bg-background-color has-background-dim-100 has-background-dim\"><\/span><div class=\"wp-block-cover__inner-container is-layout-flow wp-block-cover-is-layout-flow\">\n<h2 class=\"wp-block-heading has-text-align-right\">Un peu d&rsquo;histoire &#8230;<\/h2>\n\n\n\n<div class=\"wp-block-group\"><div class=\"wp-block-group__inner-container is-layout-flow wp-block-group-is-layout-flow\">\n<div class=\"wp-block-columns is-layout-flex wp-container-core-columns-is-layout-9d6595d7 wp-block-columns-is-layout-flex\">\n<div class=\"wp-block-column is-layout-flow wp-block-column-is-layout-flow\" style=\"flex-basis:66.79%\">\n<figure class=\"wp-block-image size-full\"><img loading=\"lazy\" decoding=\"async\" width=\"600\" height=\"600\" src=\"https:\/\/www.apifera.org\/wp-content\/uploads\/2024\/03\/calopteryx-virgo-femelle.jpg\" alt=\"\" class=\"wp-image-67\" srcset=\"https:\/\/www.apifera.org\/wp-content\/uploads\/2024\/03\/calopteryx-virgo-femelle.jpg 600w, https:\/\/www.apifera.org\/wp-content\/uploads\/2024\/03\/calopteryx-virgo-femelle-300x300.jpg 300w, https:\/\/www.apifera.org\/wp-content\/uploads\/2024\/03\/calopteryx-virgo-femelle-150x150.jpg 150w\" sizes=\"auto, (max-width: 600px) 100vw, 600px\" \/><\/figure>\n\n\n\n<div style=\"height:40px\" aria-hidden=\"true\" class=\"wp-block-spacer\"><\/div>\n<\/div>\n\n\n\n<div class=\"wp-block-column is-layout-flow wp-block-column-is-layout-flow\" style=\"flex-basis:34%\">\n<p>Nous sommes une association r\u00e9gie par la loi du 1er juillet 1901, fond\u00e9e \u00e0 Toulouse le 2 f\u00e9vrier 2009 avec un rayonnement r\u00e9gional. Le 4 novembre 2015, notre association a chang\u00e9 de lieu d\u2019action et de si\u00e8ge social en se fixant dans le d\u00e9partement du Tarn, tout en conservant sa d\u00e9nomination d\u2019Association APIFERA. En d\u00e9cembre 2023, lors de l\u2019Assembl\u00e9e G\u00e9n\u00e9rale Extraordinaire, elle a pris l\u2019appellation de APIFERA Sciences Naturelles.<\/p>\n\n\n\n<p>Nous agissons sur le territoire d\u00e9partemental du Tarn et les d\u00e9partements limitrophes, tout en pouvant entreprendre des actions communes avec d\u2019autres associations ayant un but analogue m\u00eame si elles n\u2019appartiennent pas au d\u00e9partement du Tarn ou \u00e0 la m\u00eame r\u00e9gion administrative.&nbsp;<em>(Photo Daniel Debrus \u2013 Calopteryx virgo femelle \u2013 zone humide de Cadoul La Fumade dans le Tarn)<\/em><\/p>\n\n\n\n<div class=\"wp-block-buttons is-layout-flex wp-block-buttons-is-layout-flex\"><\/div>\n<\/div>\n<\/div>\n\n\n\n<div style=\"height:40px\" aria-hidden=\"true\" class=\"wp-block-spacer\"><\/div>\n<\/div><\/div>\n<\/div><\/div>\n\n\n\n<div class=\"wp-block-cover alignfull is-light\" style=\"min-height:600px;aspect-ratio:unset;\"><span aria-hidden=\"true\" class=\"wp-block-cover__background has-nv-site-bg-background-color has-background-dim-100 has-background-dim\"><\/span><div class=\"wp-block-cover__inner-container is-layout-flow wp-block-cover-is-layout-flow\">\n<div class=\"wp-block-group\"><div class=\"wp-block-group__inner-container is-layout-flow wp-block-group-is-layout-flow\">\n<div style=\"height:80px\" aria-hidden=\"true\" class=\"wp-block-spacer\"><\/div>\n\n\n\n<h2 class=\"wp-block-heading has-neve-text-color-color has-text-color\">Nos buts et nos valeurs<\/h2>\n\n\n\n<div style=\"height:20px\" aria-hidden=\"true\" class=\"wp-block-spacer\"><\/div>\n\n\n\n<div class=\"wp-block-columns are-vertically-aligned-center is-layout-flex wp-container-core-columns-is-layout-9d6595d7 wp-block-columns-is-layout-flex\">\n<div class=\"wp-block-column is-vertically-aligned-center is-layout-flow wp-block-column-is-layout-flow\" style=\"flex-basis:50%\">\n<div class=\"wp-block-columns is-layout-flex wp-container-core-columns-is-layout-9d6595d7 wp-block-columns-is-layout-flex\">\n<div class=\"wp-block-column is-layout-flow wp-block-column-is-layout-flow\">\n<div class=\"wp-block-group is-vertical is-layout-flex wp-container-core-group-is-layout-8cf370e7 wp-block-group-is-layout-flex\">\n<p>Promouvoir l&rsquo;\u00e9cologie scientifique<\/p>\n\n\n\n<p>Favoriser l&rsquo;\u00e9tude et l&rsquo;action dans le domaine de la recherche et de la connaissance de la Nature<\/p>\n\n\n\n<p>Mettre en place des inventaires faunistiques et floristiques dans les divers milieux du d\u00e9partement<\/p>\n\n\n\n<p>Former et donner des cours qui se rattachent aux sciences du vivant<\/p>\n\n\n\n<p>Prot\u00e9ger, conserver et restaurer la biodiversit\u00e9 et ses \u00e9cosyst\u00e8mes<\/p>\n\n\n\n<p>Agir pour la sauvegarde de ses int\u00e9r\u00eats et de l\u2019int\u00e9r\u00eat g\u00e9n\u00e9ral dans le domaine de l\u2019environnement, de l\u2019am\u00e9nagement harmonieux et de l\u2019\u00e9quilibre \u00e9cologique du territoire et de l\u2019urbanisme<\/p>\n\n\n\n<p>Informer et sensibiliser le public, les \u00e9tablissements primaires et secondaires, les centres de loisirs<\/p>\n\n\n\n<p>Avoir une d\u00e9marche formatrice dans le domaine des sciences de la Terre&nbsp;<em>(Photo Daniel Debrus \u2013 Argiope frelon \u2013 zone humide de Pessols dans le Tarn)<\/em><\/p>\n<\/div>\n\n\n\n<p><\/p>\n<\/div>\n<\/div>\n\n\n\n<div style=\"height:40px\" aria-hidden=\"true\" class=\"wp-block-spacer\"><\/div>\n<\/div>\n\n\n\n<div class=\"wp-block-column is-vertically-aligned-center is-layout-flow wp-block-column-is-layout-flow\" style=\"flex-basis:50%\">\n<figure class=\"wp-block-image size-full size-large\"><img loading=\"lazy\" decoding=\"async\" width=\"600\" height=\"600\" src=\"https:\/\/www.apifera.org\/wp-content\/uploads\/2024\/03\/argiope-frelon-argiope-bruennichi.jpg\" alt=\"Argiope frelon - sortie naturaliste Apifera - tarn\" class=\"wp-image-63\" srcset=\"https:\/\/www.apifera.org\/wp-content\/uploads\/2024\/03\/argiope-frelon-argiope-bruennichi.jpg 600w, https:\/\/www.apifera.org\/wp-content\/uploads\/2024\/03\/argiope-frelon-argiope-bruennichi-300x300.jpg 300w, https:\/\/www.apifera.org\/wp-content\/uploads\/2024\/03\/argiope-frelon-argiope-bruennichi-150x150.jpg 150w\" sizes=\"auto, (max-width: 600px) 100vw, 600px\" \/><\/figure>\n\n\n\n<div style=\"height:40px\" aria-hidden=\"true\" class=\"wp-block-spacer\"><\/div>\n<\/div>\n<\/div>\n\n\n\n<div style=\"height:40px\" aria-hidden=\"true\" class=\"wp-block-spacer\"><\/div>\n<\/div><\/div>\n<\/div><\/div>\n\n\n\n<div class=\"wp-block-cover alignfull is-light\" style=\"min-height:300px;aspect-ratio:unset;\"><span aria-hidden=\"true\" class=\"wp-block-cover__background has-nv-dark-bg-background-color has-background-dim-100 has-background-dim\"><\/span><div class=\"wp-block-cover__inner-container is-layout-flow wp-block-cover-is-layout-flow\">\n<div style=\"height:140px\" aria-hidden=\"true\" class=\"wp-block-spacer\"><\/div>\n\n\n\n<h2 class=\"wp-block-heading has-text-align-center has-nv-text-dark-bg-color has-text-color\">APIFERA Sciences Naturelles<\/h2>\n\n\n\n<h2 class=\"wp-block-heading has-text-align-center has-nv-text-dark-bg-color has-text-color\">H\u00f4tel de ville &#8211; 21 place Paul Saissac<\/h2>\n\n\n\n<h2 class=\"wp-block-heading has-text-align-center has-nv-text-dark-bg-color has-text-color\">81310 LISLE SUR TARN <\/h2>\n\n\n\n<h2 class=\"wp-block-heading has-text-align-center has-nv-text-dark-bg-color has-text-color\">06 70 05 31 18<\/h2>\n\n\n\n<div class=\"wp-block-buttons is-content-justification-center is-layout-flex wp-container-core-buttons-is-layout-16018d1d wp-block-buttons-is-layout-flex\">\n<div class=\"wp-block-button is-style-primary\"><a class=\"wp-block-button__link wp-element-button\" href=\"https:\/\/www.facebook.com\/Apifera\" target=\"_blank\" rel=\"noreferrer noopener\">Suivez-nous sur Facebook<\/a><\/div>\n<\/div>\n\n\n\n<div style=\"height:140px\" aria-hidden=\"true\" class=\"wp-block-spacer\"><\/div>\n<\/div><\/div>\n","protected":false},"excerpt":{"rendered":"","protected":false},"author":1,"featured_media":0,"parent":0,"menu_order":0,"comment_status":"closed","ping_status":"closed","template":"","meta":{"neve_meta_sidebar":"","neve_meta_container":"","neve_meta_enable_content_width":"on","neve_meta_content_width":100,"neve_meta_title_alignment":"","neve_meta_author_avatar":"","neve_post_elements_order":"","neve_meta_disable_header":"","neve_meta_disable_footer":"","neve_meta_disable_title":"on","footnotes":""},"class_list":["post-31","page","type-page","status-publish","hentry"],"_links":{"self":[{"href":"https:\/\/www.apifera.org\/index.php\/wp-json\/wp\/v2\/pages\/31","targetHints":{"allow":["GET"]}}],"collection":[{"href":"https:\/\/www.apifera.org\/index.php\/wp-json\/wp\/v2\/pages"}],"about":[{"href":"https:\/\/www.apifera.org\/index.php\/wp-json\/wp\/v2\/types\/page"}],"author":[{"embeddable":true,"href":"https:\/\/www.apifera.org\/index.php\/wp-json\/wp\/v2\/users\/1"}],"replies":[{"embeddable":true,"href":"https:\/\/www.apifera.org\/index.php\/wp-json\/wp\/v2\/comments?post=31"}],"version-history":[{"count":5,"href":"https:\/\/www.apifera.org\/index.php\/wp-json\/wp\/v2\/pages\/31\/revisions"}],"predecessor-version":[{"id":165,"href":"https:\/\/www.apifera.org\/index.php\/wp-json\/wp\/v2\/pages\/31\/revisions\/165"}],"wp:attachment":[{"href":"https:\/\/www.apifera.org\/index.php\/wp-json\/wp\/v2\/media?parent=31"}],"curies":[{"name":"wp","href":"https:\/\/api.w.org\/{rel}","templated":true}]}}